{"id":6904,"date":"2021-04-21T10:58:51","date_gmt":"2021-04-21T08:58:51","guid":{"rendered":"https:\/\/www.bodegasantacatarina.com\/politica-de-privacidad\/"},"modified":"2021-05-25T08:32:31","modified_gmt":"2021-05-25T06:32:31","slug":"privacy-policy","status":"publish","type":"page","link":"https:\/\/www.bodegasantacatarina.com\/en\/privacy-policy\/","title":{"rendered":"Privacy Policy"},"content":{"rendered":"<p>[et_pb_section fb_built=&#8221;1&#8243; fullwidth=&#8221;on&#8221; _builder_version=&#8221;3.22&#8243; locked=&#8221;off&#8221;][et_pb_fullwidth_header title=&#8221;Pol\u00edtica de Privacidad&#8221; background_overlay_color=&#8221;rgba(12,12,12,0.3)&#8221; _builder_version=&#8221;4.9.4&#8243; title_font=&#8221;|300|||||||&#8221; title_text_align=&#8221;center&#8221; title_font_size=&#8221;65px&#8221; background_color=&#8221;rgba(202,191,149,0)&#8221; background_image=&#8221;https:\/\/www.bodegasantacatarina.com\/wp-content\/uploads\/2016\/05\/Slider_Top_Img_1.2.jpg&#8221; parallax=&#8221;on&#8221; custom_margin=&#8221;-20px||||false|false&#8221; custom_padding=&#8221;0px||||false|false&#8221; title_font_size_tablet=&#8221;55px&#8221; title_font_size_phone=&#8221;45px&#8221; title_font_size_last_edited=&#8221;on|phone&#8221;]<br \/>\n[\/et_pb_fullwidth_header][\/et_pb_section][et_pb_section fb_built=&#8221;1&#8243; _builder_version=&#8221;4.9.4&#8243; _module_preset=&#8221;default&#8221;][et_pb_row _builder_version=&#8221;4.9.4&#8243; _module_preset=&#8221;default&#8221;][et_pb_column type=&#8221;4_4&#8243; _builder_version=&#8221;4.9.4&#8243; _module_preset=&#8221;default&#8221;][et_pb_text _builder_version=&#8221;4.9.4&#8243; _module_preset=&#8221;default&#8221;]<\/p>\n<p><strong>1. INFORMACI\u00d3N AL USUARIO<\/strong><br \/>de conformidad con lo dispuesto en el Reglamento (UE) 2016\/679 de 27 de abril de 2016 (RGPD) y a la Ley Org\u00e1nica 3\/2018 de 5 de diciembre de Protecci\u00f3n de Datos Personales y garant\u00eda de los derechos digitales, se le informa de la identidad del Responsable del tratamiento, la finalidad del tratamiento, la legitimaci\u00f3n para el tratamiento de sus datos, las categor\u00edas de destinatarios de cesiones de sus datos (si los hubiere), la procedencia de sus datos tratados si esta fuera distinta a su entrega voluntaria y los derechos que como interesado le asisten.<\/p>\n<p><strong>2. INFORMACION REFERIDA AL RESPONSABLE DEL TRATAMIENTO<\/strong><br \/>Nombre del Responsable: SANTA CATARINA VINOS DE MALLORCA S.L.U.<br \/>N.I.F.: B78323045<br \/>Domicilio completo: Carretera Inca-Sencelles Km. 3, &#8211; 07140 Sencelles (Illes Balears)<br \/>Correo electr\u00f3nico de contacto: anegre@bodegasantacatarina.com.<\/p>\n<p><strong>3. INFORMACION REFERIDA A LA FINALIDAD Y LEGITIMACION DEL TRATAMIENTO<\/strong><br \/>Las operaciones previstas para realizar el tratamiento son:<\/p>\n<p><strong>Por inter\u00e9s leg\u00edtimo del Responsable:<br \/><\/strong>Gesti\u00f3n econ\u00f3mica y contable, gesti\u00f3n fiscal, gesti\u00f3n administrativa, gesti\u00f3n de facturaci\u00f3n,gesti\u00f3n de clientes y proveedores, gesti\u00f3n de cobros pagos y servicios relacionados, hist\u00f3rico derelaciones comerciales.<strong><\/strong><strong><\/strong><\/p>\n<p><strong>Por consentimiento expreso, inequ\u00edvoco e informado del interesado:<\/strong><br \/>Selecci\u00f3n de candidatos a empleados y colaboradores.<br \/>Remisi\u00f3n de comunicaciones comerciales publicitarias por email, fax, SMS, MMS, comunidades sociales o cualquier otro medio electr\u00f3nico o f\u00edsico, presente o futuro, que posibilite realizar comunicaciones comerciales. Estas comunicaciones ser\u00e1n realizadas por el RESPONSABLE y relacionadas sobre sus productos y servicios, o de sus colaboradores o proveedores con los que \u00e9ste haya alcanzado alg\u00fan acuerdo de promoci\u00f3n. En este caso, los terceros nunca tendr\u00e1n acceso a los datos personales.<br \/>Recepci\u00f3n v\u00eda web y tratamiento posterior de curriculums vitae de interesados en formar parte de la plantilla laboral del Responsable.<br \/>Realizar estudios estad\u00edsticos.<br \/>Tramitar encargos, solicitudes o cualquier tipo de petici\u00f3n que sea realizada por el usuario a trav\u00e9s de cualquiera de las formas de contacto que se ponen a su disposici\u00f3n.<br \/>Remitir el bolet\u00edn de noticias de la p\u00e1gina web.<\/p>\n<p><strong>Criterios de conservaci\u00f3n de los datos:<\/strong><br \/>Los datos ser\u00e1n conservados en tanto dure la relaci\u00f3n comercial entre las partes. Una vez finalizada dicha relaci\u00f3n comercial, los datos ser\u00e1n bloqueados a fin de impedir la posibilidad de acceso, desbloque\u00e1ndose \u00fanicamente en el caso de que dichos datos le fueran requeridos al Responsable del tratamiento por alguna autoridad legal (fiscal, mercantil, laboral o judicial) y esto solo hasta la fecha de caducidad o prescripci\u00f3n legales. Siendo posteriormente destruidos convenientemente y con las garant\u00edas adecuadas para imposibilitar su recuperaci\u00f3n.<\/p>\n<p><strong>4. INFORMACION REFERIDA A LA CESION O COMUNICACION DE DATOS<\/strong><br \/>Los datos personales podr\u00e1n ser cedidos para el mantenimiento de la relaci\u00f3n comercial y\/o para la ejecuci\u00f3n de operaciones, a Asesor\u00eda Fiscal, Contable, Mercantil, Bancos, Cajas y Entidades Financieras, Organismos Tributarios y otros Organismo P\u00fablicos competentes. No se comunicar\u00e1n los datos a otros terceros, salvo obligaci\u00f3n legal. No se efect\u00faan transmisiones de datos a terceros pa\u00edses fuera del Espacio Econ\u00f3mico Europeo ni a<br \/>Organizaciones Internacionales.<\/p>\n<p><strong>5. INFORMACION REFERIDA A LOS DERECHOS DEL INTERESADO Y LA FORMA DE EJERCERLOS<\/strong><br \/><strong>Derechos que asisten al Usuario y forma de ejercerlos:<\/strong><br \/>El interesado tiene derecho a: Acceder a sus datos, a que se rectifiquen sus datos, a que se supriman sus datos, a la portabilidad de sus datos, a la limitaci\u00f3n en el tratamiento de sus datos, a oponerse al tratamiento de sus datos, a retirar el consentimiento prestado, a presentar una reclamaci\u00f3n ante la Autoridad de Control, a interponer un recurso judicial. Puede ejercer estos derechos mediante un escrito razonado, dirigido al Responsable del Tratamiento o a su representante especificando el derecho que desea ejercitar, acompa\u00f1ado de una fotocopia de su documento de identificaci\u00f3n. Tambi\u00e9n podr\u00e1 solicitar previamente al Responsable del tratamiento que le sea facilitado un impreso tipo para el derecho que desea ejercitar.<\/p>\n<p>El ejercicio de derechos no acarrear\u00e1 ning\u00fan coste de gesti\u00f3n para el interesado, exceptuando los costes de franqueo si optara por remitirlo por correo postal. Podr\u00e1 ejercitar sus derechos:<\/p>\n<ul>\n<li>Personalmente en los locales del Responsable del tratamiento identific\u00e1ndose con su DNI o documento equivalente.<\/li>\n<li>A trav\u00e9s de correo electr\u00f3nico dirigido al que figura en el apartado de la identificaci\u00f3n del Responsable del tratamiento y acompa\u00f1ando fotocopia de su DNI o documento equivalente.<\/li>\n<li>A trav\u00e9s de correo postal (preferiblemente certificado) dirigido al domicilio que figura en el apartado de la identificaci\u00f3n del Responsable del tratamiento y acompa\u00f1ando fotocopia de su DNI o documento equivalente.<\/li>\n<\/ul>\n<p><strong> Datos de contacto para ejercer sus derechos:<\/strong><br \/>Carretera Inca-Sencelles Km. 3, &#8211; 07140 Sencelles (Illes Balears), <a href=\"mailto:anegre@bodegasantacatarina.com\">anegre@bodegasantacatarina.com<\/a><\/p>\n<p><strong>6. CAR\u00c1CTER OBLIGATORIO O FACULTATIVO DE LA INFORMACI\u00d3N FACILITADA POR EL USUARIO<\/strong><br \/>Los Usuarios, mediante la marcaci\u00f3n de las casillas correspondientes y entrada de datos en los campos, marcados con un asterisco (*) en el formulario de contacto o presentados en formularios de descarga, aceptan expresamente y de forma libre e inequ\u00edvoca, que sus datos son necesarios para atender su petici\u00f3n, por parte del prestador, siendo voluntaria la inclusi\u00f3n de datos en los campos restantes. El Usuario garantiza que los datos personales facilitados al RESPONSABLE son veraces y se hace responsable de comunicar cualquier modificaci\u00f3n de los mismos. El RESPONSABLE informa y garantiza expresamente a los usuarios que sus datos personales no<br \/>ser\u00e1n cedidos en ning\u00fan caso a terceros, y que siempre que realizara alg\u00fan tipo de cesi\u00f3n de datos personales, se pedir\u00e1 previamente el consentimiento expreso, informado e inequ\u00edvoco por parte los Usuarios. Todos los datos solicitados a trav\u00e9s del sitio web son obligatorios, ya que son necesarios para la prestaci\u00f3n de un servicio \u00f3ptimo al Usuario. En caso de que no sean facilitados todos los datos, no se garantiza que la informaci\u00f3n y servicios facilitados sean completamente ajustados a sus<br \/>necesidades.<\/p>\n<p><strong>7. MEDIDAS DE SEGURIDAD<\/strong><br \/>Que de conformidad con lo dispuesto en las normativas vigentes en protecci\u00f3n de datos personales, el RESPONSABLE est\u00e1 cumpliendo con todas las disposiciones de las normativas RGPDpara el tratamiento de los datos personales de su responsabilidad, y manifiestamente con los principios descritos en el art\u00edculo 5 del RGPD, por los cuales son tratados de manera l\u00edcita, leal y transparente en relaci\u00f3n con el interesado y adecuados, pertinentes y limitados a lo necesario en relaci\u00f3n con los fines<br \/>para los que son tratados.<br \/>El RESPONSABLE garantiza que ha implementado pol\u00edticas t\u00e9cnicas y organizativas apropiadas para aplicar las medidas de seguridad que establecen el RGPD con el fin de proteger los derechos y libertades de los Usuarios y les ha comunicado la informaci\u00f3n adecuada para que puedan ejercerlos.<\/p>\n<p>&nbsp;<\/p>\n<p>[\/et_pb_text][\/et_pb_column][\/et_pb_row][\/et_pb_section]<\/p>\n","protected":false},"excerpt":{"rendered":"<p>1. INFORMACI\u00d3N AL USUARIOde conformidad con lo dispuesto en el Reglamento (UE) 2016\/679 de 27 de abril de 2016 (RGPD) y a la Ley Org\u00e1nica 3\/2018 de 5 de diciembre de Protecci\u00f3n de Datos Personales y garant\u00eda de los derechos digitales, se le informa de la identidad del Responsable del tratamiento, la finalidad del tratamiento, [&hellip;]<\/p>\n","protected":false},"author":1,"featured_media":0,"parent":0,"menu_order":0,"comment_status":"closed","ping_status":"closed","template":"","meta":{"_et_pb_use_builder":"on","_et_pb_old_content":"","_et_gb_content_width":"","inline_featured_image":false,"footnotes":""},"class_list":["post-6904","page","type-page","status-publish","hentry"],"yoast_head":"<!-- This site is optimized with the Yoast SEO plugin v25.6 - https:\/\/yoast.com\/wordpress\/plugins\/seo\/ -->\n<title>Privacy Policy - Bodega Santa Catarina<\/title>\n<meta name=\"robots\" content=\"index, follow, max-snippet:-1, max-image-preview:large, max-video-preview:-1\" \/>\n<link rel=\"canonical\" href=\"https:\/\/www.bodegasantacatarina.com\/en\/privacy-policy\/\" \/>\n<meta property=\"og:locale\" content=\"en_US\" \/>\n<meta property=\"og:type\" content=\"article\" \/>\n<meta property=\"og:title\" content=\"Privacy Policy - Bodega Santa Catarina\" \/>\n<meta property=\"og:description\" content=\"1. INFORMACI\u00d3N AL USUARIOde conformidad con lo dispuesto en el Reglamento (UE) 2016\/679 de 27 de abril de 2016 (RGPD) y a la Ley Org\u00e1nica 3\/2018 de 5 de diciembre de Protecci\u00f3n de Datos Personales y garant\u00eda de los derechos digitales, se le informa de la identidad del Responsable del tratamiento, la finalidad del tratamiento, [&hellip;]\" \/>\n<meta property=\"og:url\" content=\"https:\/\/www.bodegasantacatarina.com\/en\/privacy-policy\/\" \/>\n<meta property=\"og:site_name\" content=\"Bodega Santa Catarina\" \/>\n<meta property=\"article:modified_time\" content=\"2021-05-25T06:32:31+00:00\" \/>\n<meta name=\"twitter:card\" content=\"summary_large_image\" \/>\n<meta name=\"twitter:label1\" content=\"Est. reading time\" \/>\n\t<meta name=\"twitter:data1\" content=\"6 minutes\" \/>\n<script type=\"application\/ld+json\" class=\"yoast-schema-graph\">{\"@context\":\"https:\/\/schema.org\",\"@graph\":[{\"@type\":\"WebPage\",\"@id\":\"https:\/\/www.bodegasantacatarina.com\/en\/privacy-policy\/\",\"url\":\"https:\/\/www.bodegasantacatarina.com\/en\/privacy-policy\/\",\"name\":\"Privacy Policy - Bodega Santa Catarina\",\"isPartOf\":{\"@id\":\"https:\/\/www.bodegasantacatarina.com\/#website\"},\"datePublished\":\"2021-04-21T08:58:51+00:00\",\"dateModified\":\"2021-05-25T06:32:31+00:00\",\"breadcrumb\":{\"@id\":\"https:\/\/www.bodegasantacatarina.com\/en\/privacy-policy\/#breadcrumb\"},\"inLanguage\":\"en-US\",\"potentialAction\":[{\"@type\":\"ReadAction\",\"target\":[\"https:\/\/www.bodegasantacatarina.com\/en\/privacy-policy\/\"]}]},{\"@type\":\"BreadcrumbList\",\"@id\":\"https:\/\/www.bodegasantacatarina.com\/en\/privacy-policy\/#breadcrumb\",\"itemListElement\":[{\"@type\":\"ListItem\",\"position\":1,\"name\":\"Portada\",\"item\":\"https:\/\/www.bodegasantacatarina.com\/\"},{\"@type\":\"ListItem\",\"position\":2,\"name\":\"Privacy Policy\"}]},{\"@type\":\"WebSite\",\"@id\":\"https:\/\/www.bodegasantacatarina.com\/#website\",\"url\":\"https:\/\/www.bodegasantacatarina.com\/\",\"name\":\"Bodega Santa Catarina\",\"description\":\"\",\"potentialAction\":[{\"@type\":\"SearchAction\",\"target\":{\"@type\":\"EntryPoint\",\"urlTemplate\":\"https:\/\/www.bodegasantacatarina.com\/?s={search_term_string}\"},\"query-input\":{\"@type\":\"PropertyValueSpecification\",\"valueRequired\":true,\"valueName\":\"search_term_string\"}}],\"inLanguage\":\"en-US\"}]}<\/script>\n<!-- \/ Yoast SEO plugin. -->","yoast_head_json":{"title":"Privacy Policy - Bodega Santa Catarina","robots":{"index":"index","follow":"follow","max-snippet":"max-snippet:-1","max-image-preview":"max-image-preview:large","max-video-preview":"max-video-preview:-1"},"canonical":"https:\/\/www.bodegasantacatarina.com\/en\/privacy-policy\/","og_locale":"en_US","og_type":"article","og_title":"Privacy Policy - Bodega Santa Catarina","og_description":"1. INFORMACI\u00d3N AL USUARIOde conformidad con lo dispuesto en el Reglamento (UE) 2016\/679 de 27 de abril de 2016 (RGPD) y a la Ley Org\u00e1nica 3\/2018 de 5 de diciembre de Protecci\u00f3n de Datos Personales y garant\u00eda de los derechos digitales, se le informa de la identidad del Responsable del tratamiento, la finalidad del tratamiento, [&hellip;]","og_url":"https:\/\/www.bodegasantacatarina.com\/en\/privacy-policy\/","og_site_name":"Bodega Santa Catarina","article_modified_time":"2021-05-25T06:32:31+00:00","twitter_card":"summary_large_image","twitter_misc":{"Est. reading time":"6 minutes"},"schema":{"@context":"https:\/\/schema.org","@graph":[{"@type":"WebPage","@id":"https:\/\/www.bodegasantacatarina.com\/en\/privacy-policy\/","url":"https:\/\/www.bodegasantacatarina.com\/en\/privacy-policy\/","name":"Privacy Policy - Bodega Santa Catarina","isPartOf":{"@id":"https:\/\/www.bodegasantacatarina.com\/#website"},"datePublished":"2021-04-21T08:58:51+00:00","dateModified":"2021-05-25T06:32:31+00:00","breadcrumb":{"@id":"https:\/\/www.bodegasantacatarina.com\/en\/privacy-policy\/#breadcrumb"},"inLanguage":"en-US","potentialAction":[{"@type":"ReadAction","target":["https:\/\/www.bodegasantacatarina.com\/en\/privacy-policy\/"]}]},{"@type":"BreadcrumbList","@id":"https:\/\/www.bodegasantacatarina.com\/en\/privacy-policy\/#breadcrumb","itemListElement":[{"@type":"ListItem","position":1,"name":"Portada","item":"https:\/\/www.bodegasantacatarina.com\/"},{"@type":"ListItem","position":2,"name":"Privacy Policy"}]},{"@type":"WebSite","@id":"https:\/\/www.bodegasantacatarina.com\/#website","url":"https:\/\/www.bodegasantacatarina.com\/","name":"Bodega Santa Catarina","description":"","potentialAction":[{"@type":"SearchAction","target":{"@type":"EntryPoint","urlTemplate":"https:\/\/www.bodegasantacatarina.com\/?s={search_term_string}"},"query-input":{"@type":"PropertyValueSpecification","valueRequired":true,"valueName":"search_term_string"}}],"inLanguage":"en-US"}]}},"_links":{"self":[{"href":"https:\/\/www.bodegasantacatarina.com\/en\/wp-json\/wp\/v2\/pages\/6904"}],"collection":[{"href":"https:\/\/www.bodegasantacatarina.com\/en\/wp-json\/wp\/v2\/pages"}],"about":[{"href":"https:\/\/www.bodegasantacatarina.com\/en\/wp-json\/wp\/v2\/types\/page"}],"author":[{"embeddable":true,"href":"https:\/\/www.bodegasantacatarina.com\/en\/wp-json\/wp\/v2\/users\/1"}],"replies":[{"embeddable":true,"href":"https:\/\/www.bodegasantacatarina.com\/en\/wp-json\/wp\/v2\/comments?post=6904"}],"version-history":[{"count":2,"href":"https:\/\/www.bodegasantacatarina.com\/en\/wp-json\/wp\/v2\/pages\/6904\/revisions"}],"predecessor-version":[{"id":7078,"href":"https:\/\/www.bodegasantacatarina.com\/en\/wp-json\/wp\/v2\/pages\/6904\/revisions\/7078"}],"wp:attachment":[{"href":"https:\/\/www.bodegasantacatarina.com\/en\/wp-json\/wp\/v2\/media?parent=6904"}],"curies":[{"name":"wp","href":"https:\/\/api.w.org\/{rel}","templated":true}]}}