{"id":8923,"date":"2022-03-02T13:58:12","date_gmt":"2022-03-02T12:58:12","guid":{"rendered":"https:\/\/www.bodegasantacatarina.com\/experiencias-especiales\/"},"modified":"2024-02-21T12:34:57","modified_gmt":"2024-02-21T11:34:57","slug":"besondere-erlebnisse","status":"publish","type":"page","link":"https:\/\/www.bodegasantacatarina.com\/de\/besondere-erlebnisse\/","title":{"rendered":"Besondere Erlebnisse"},"content":{"rendered":"<p>[et_pb_section fb_built=&#8220;1&#8243; admin_label=&#8220;Page Title Section&#8220; _builder_version=&#8220;4.16&#8243; use_background_color_gradient=&#8220;on&#8220; background_color_gradient_direction=&#8220;120deg&#8220; background_color_gradient_stops=&#8220;#000000 0%|rgba(0,0,0,0) 100%&#8220; background_color_gradient_overlays_image=&#8220;on&#8220; background_color_gradient_start=&#8220;#000000&#8243; background_color_gradient_end=&#8220;rgba(0,0,0,0)&#8220; background_image=&#8220;https:\/\/www.bodegasantacatarina.com\/wp-content\/uploads\/2022\/03\/shutterstock_1899161950-1.jpg&#8220; parallax=&#8220;on&#8220; custom_padding=&#8220;3%||3%|||&#8220; da_disable_devices=&#8220;off|off|off&#8220; locked=&#8220;off&#8220; global_colors_info=&#8220;{}&#8220; da_is_popup=&#8220;off&#8220; da_exit_intent=&#8220;off&#8220; da_has_close=&#8220;on&#8220; da_alt_close=&#8220;off&#8220; da_dark_close=&#8220;off&#8220; da_not_modal=&#8220;on&#8220; da_is_singular=&#8220;off&#8220; da_with_loader=&#8220;off&#8220; da_has_shadow=&#8220;on&#8220;][et_pb_row custom_padding_last_edited=&#8220;on|phone&#8220; admin_label=&#8220;Page Title Area&#8220; _builder_version=&#8220;4.16&#8243; custom_padding=&#8220;0px||40px|||&#8220; custom_padding_tablet=&#8220;40px||40px||true|false&#8220; custom_padding_phone=&#8220;70px||30px||false|false&#8220; global_colors_info=&#8220;{}&#8220;][et_pb_column type=&#8220;4_4&#8243; _builder_version=&#8220;4.16&#8243; custom_padding=&#8220;|||&#8220; global_colors_info=&#8220;{}&#8220; custom_padding__hover=&#8220;|||&#8220;][et_pb_text admin_label=&#8220;Title&#8220; _builder_version=&#8220;4.16&#8243; text_font=&#8220;||||||||&#8220; header_font=&#8220;Poppins|600|||||||&#8220; header_text_align=&#8220;center&#8220; header_font_size=&#8220;70px&#8220; header_line_height=&#8220;1.2em&#8220; background_layout=&#8220;dark&#8220; animation_style=&#8220;fade&#8220; header_font_size_tablet=&#8220;&#8220; header_font_size_phone=&#8220;40px&#8220; header_font_size_last_edited=&#8220;on|phone&#8220; global_colors_info=&#8220;{}&#8220;]<\/p>\n<h1>Wenn dir das Leben entgleitet, kehr zu ihm zur\u00fcck<\/h1>\n<p>[\/et_pb_text][\/et_pb_column][\/et_pb_row][\/et_pb_section][et_pb_section fb_built=&#8220;1&#8243; admin_label=&#8220;About Section&#8220; _builder_version=&#8220;4.16&#8243; custom_padding=&#8220;0px||0px|&#8220; da_disable_devices=&#8220;off|off|off&#8220; locked=&#8220;off&#8220; global_colors_info=&#8220;{}&#8220; da_is_popup=&#8220;off&#8220; da_exit_intent=&#8220;off&#8220; da_has_close=&#8220;on&#8220; da_alt_close=&#8220;off&#8220; da_dark_close=&#8220;off&#8220; da_not_modal=&#8220;on&#8220; da_is_singular=&#8220;off&#8220; da_with_loader=&#8220;off&#8220; da_has_shadow=&#8220;on&#8220;][et_pb_row column_structure=&#8220;1_2,1_2&#8243; use_custom_gutter=&#8220;on&#8220; gutter_width=&#8220;0&#8243; make_equal=&#8220;on&#8220; admin_label=&#8220;About Area&#8220; _builder_version=&#8220;4.24.2&#8243; width=&#8220;100%&#8220; max_width=&#8220;100%&#8220; custom_padding=&#8220;0px||0px|&#8220; hover_enabled=&#8220;0&#8243; use_custom_width=&#8220;on&#8220; width_unit=&#8220;off&#8220; custom_width_percent=&#8220;100%&#8220; global_colors_info=&#8220;{}&#8220; sticky_enabled=&#8220;0&#8243;][et_pb_column type=&#8220;1_2&#8243; _builder_version=&#8220;4.16&#8243; background_color=&#8220;#FFFFFF&#8220; custom_padding=&#8220;10%|5%|10%|5%&#8220; global_colors_info=&#8220;{}&#8220; custom_padding__hover=&#8220;|||&#8220;][et_pb_text admin_label=&#8220;Title&#8220; _builder_version=&#8220;4.16&#8243; text_font=&#8220;||||||||&#8220; header_font=&#8220;||||||||&#8220; header_2_font=&#8220;|600|||||||&#8220; header_2_text_align=&#8220;center&#8220; header_2_text_color=&#8220;#000000&#8243; header_2_font_size=&#8220;40px&#8220; header_2_line_height=&#8220;1.2em&#8220; text_orientation=&#8220;center&#8220; background_layout=&#8220;dark&#8220; max_width=&#8220;550px&#8220; module_alignment=&#8220;center&#8220; custom_margin=&#8220;||0px|&#8220; custom_padding=&#8220;|||&#8220; animation_direction=&#8220;top&#8220; header_2_font_size_tablet=&#8220;40px&#8220; header_2_font_size_phone=&#8220;30px&#8220; header_2_font_size_last_edited=&#8220;on|phone&#8220; global_colors_info=&#8220;{}&#8220;]<\/p>\n<h2>Ein harmonisches Duo: Wein und Oliven\u00f6l<\/h2>\n<p>[\/et_pb_text][et_pb_divider color=&#8220;#FDB467&#8243; divider_position=&#8220;center&#8220; divider_weight=&#8220;3px&#8220; _builder_version=&#8220;4.16&#8243; max_width=&#8220;50px&#8220; module_alignment=&#8220;center&#8220; animation_direction=&#8220;top&#8220; global_colors_info=&#8220;{}&#8220;][\/et_pb_divider][et_pb_text _builder_version=&#8220;4.16&#8243; text_font=&#8220;Poppins||||||||&#8220; text_text_color=&#8220;rgba(255,255,255,0.7)&#8220; text_font_size=&#8220;18px&#8220; text_line_height=&#8220;1.8em&#8220; text_orientation=&#8220;center&#8220; max_width=&#8220;570px&#8220; max_width_tablet=&#8220;570px&#8220; max_width_phone=&#8220;570px&#8220; max_width_last_edited=&#8220;on|desktop&#8220; module_alignment=&#8220;center&#8220; custom_margin=&#8220;25px||40px||false|false&#8220; global_colors_info=&#8220;{}&#8220;]<\/p>\n<p>Wir bieten dir ein einzigartiges Erlebnis, bei dem du zwei typische Produkte der mallorquinischen K\u00fcche kennenlernst: Wein und \u00d6l.\u00a0<\/p>\n<p>[\/et_pb_text][et_pb_button button_url=&#8220;@ET-DC@eyJkeW5hbWljIjp0cnVlLCJjb250ZW50IjoicG9zdF9saW5rX3VybF9wYWdlIiwic2V0dGluZ3MiOnsicG9zdF9pZCI6IjgwMDUifX0=@&#8220; button_text=&#8220;BUCHEN&#8220; button_alignment=&#8220;center&#8220; button_alignment_tablet=&#8220;&#8220; button_alignment_phone=&#8220;&#8220; button_alignment_last_edited=&#8220;on|phone&#8220; _builder_version=&#8220;4.16&#8243; _dynamic_attributes=&#8220;button_url&#8220; custom_button=&#8220;on&#8220; button_text_size=&#8220;14px&#8220; button_text_color=&#8220;#ffffff&#8220; button_bg_color=&#8220;#c7be93&#8243; button_border_width=&#8220;4px&#8220; button_border_color=&#8220;#C7BE93&#8243; button_border_radius=&#8220;100px&#8220; button_letter_spacing=&#8220;2px&#8220; button_font=&#8220;Raleway|700||on|||||&#8220; button_use_icon=&#8220;off&#8220; background_layout=&#8220;dark&#8220; custom_margin=&#8220;||||false|false&#8220; custom_margin_tablet=&#8220;||||false|false&#8220; custom_margin_phone=&#8220;|||0%|false|false&#8220; custom_margin_last_edited=&#8220;on|tablet&#8220; custom_padding=&#8220;12px|25px|12px|25px|true|true&#8220; locked=&#8220;off&#8220; global_colors_info=&#8220;{}&#8220; button_bg_color__hover_enabled=&#8220;on|hover&#8220; button_bg_color__hover=&#8220;#111111&#8243; button_text_size__hover_enabled=&#8220;on|hover&#8220; button_text_size__hover=&#8220;14px&#8220; button_text_color__hover_enabled=&#8220;on&#8220; button_text_color__hover=&#8220;#ffffff&#8220; button_border_width__hover_enabled=&#8220;on|hover&#8220; button_border_radius__hover_enabled=&#8220;on|hover&#8220; button_bg_enable_color__hover=&#8220;on&#8220; button_border_width__hover=&#8220;4px&#8220; button_border_radius__hover=&#8220;100px&#8220;][\/et_pb_button][\/et_pb_column][et_pb_column type=&#8220;1_2&#8243; _builder_version=&#8220;4.24.2&#8243; background_enable_color=&#8220;off&#8220; background_image=&#8220;https:\/\/www.bodegasantacatarina.com\/wp-content\/uploads\/2024\/02\/Mariaje-Vino-Aceite-1.jpg&#8220; custom_padding=&#8220;10%|5%|10%|5%&#8220; hover_enabled=&#8220;0&#8243; global_colors_info=&#8220;{}&#8220; custom_padding__hover=&#8220;|||&#8220; title_text=&#8220;Mariaje Vino &#038; Aceite&#8220; sticky_enabled=&#8220;0&#8243;][\/et_pb_column][\/et_pb_row][et_pb_row column_structure=&#8220;1_2,1_2&#8243; use_custom_gutter=&#8220;on&#8220; gutter_width=&#8220;0&#8243; make_equal=&#8220;on&#8220; admin_label=&#8220;About Area&#8220; _builder_version=&#8220;4.16&#8243; width=&#8220;100%&#8220; max_width=&#8220;100%&#8220; custom_padding=&#8220;0px||0px|&#8220; use_custom_width=&#8220;on&#8220; width_unit=&#8220;off&#8220; custom_width_percent=&#8220;100%&#8220; global_colors_info=&#8220;{}&#8220;][et_pb_column type=&#8220;1_2&#8243; _builder_version=&#8220;4.16&#8243; background_enable_color=&#8220;off&#8220; background_image=&#8220;https:\/\/www.bodegasantacatarina.com\/wp-content\/uploads\/2022\/02\/shutterstock_1385781704.jpg&#8220; custom_padding=&#8220;10%|5%|10%|5%&#8220; global_colors_info=&#8220;{}&#8220; custom_padding__hover=&#8220;|||&#8220;][\/et_pb_column][et_pb_column type=&#8220;1_2&#8243; _builder_version=&#8220;4.16&#8243; background_color=&#8220;#FFFFFF&#8220; custom_padding=&#8220;10%|5%|10%|5%&#8220; global_colors_info=&#8220;{}&#8220; custom_padding__hover=&#8220;|||&#8220;][et_pb_text admin_label=&#8220;Title&#8220; _builder_version=&#8220;4.16&#8243; text_font=&#8220;||||||||&#8220; header_font=&#8220;||||||||&#8220; header_2_font=&#8220;|600|||||||&#8220; header_2_text_align=&#8220;center&#8220; header_2_text_color=&#8220;#000000&#8243; header_2_font_size=&#8220;40px&#8220; header_2_line_height=&#8220;1.2em&#8220; text_orientation=&#8220;center&#8220; background_layout=&#8220;dark&#8220; max_width=&#8220;550px&#8220; module_alignment=&#8220;center&#8220; custom_margin=&#8220;||0px|&#8220; custom_padding=&#8220;|||&#8220; animation_direction=&#8220;top&#8220; header_2_font_size_tablet=&#8220;40px&#8220; header_2_font_size_phone=&#8220;30px&#8220; header_2_font_size_last_edited=&#8220;on|phone&#8220; global_colors_info=&#8220;{}&#8220;]<\/p>\n<h2>Personalisiertes Fass<\/h2>\n<p>[\/et_pb_text][et_pb_divider color=&#8220;#FDB467&#8243; divider_position=&#8220;center&#8220; divider_weight=&#8220;3px&#8220; _builder_version=&#8220;4.16&#8243; max_width=&#8220;50px&#8220; module_alignment=&#8220;center&#8220; animation_direction=&#8220;top&#8220; global_colors_info=&#8220;{}&#8220;][\/et_pb_divider][et_pb_text _builder_version=&#8220;4.16&#8243; _module_preset=&#8220;default&#8220; text_font=&#8220;Poppins||||||||&#8220; text_text_color=&#8220;rgba(255,255,255,0.7)&#8220; text_font_size=&#8220;18px&#8220; text_line_height=&#8220;1.8em&#8220; text_orientation=&#8220;center&#8220; max_width=&#8220;570px&#8220; max_width_tablet=&#8220;570px&#8220; max_width_phone=&#8220;570px&#8220; max_width_last_edited=&#8220;on|desktop&#8220; module_alignment=&#8220;center&#8220; custom_margin=&#8220;25px||40px||false|false&#8220; global_colors_info=&#8220;{}&#8220;]<\/p>\n<p>Wir laden dich ein, ein franz\u00f6sisches Eichenfass mit einem Fassungsverm\u00f6gen von 225 Litern zu \u201eadoptieren\u201c, in dem wir deinen Wein ausbauen und \u201ereifen\u201c lassen.<\/p>\n<p>[\/et_pb_text][et_pb_button button_url=&#8220;@ET-DC@eyJkeW5hbWljIjp0cnVlLCJjb250ZW50IjoicG9zdF9saW5rX3VybF9wYWdlIiwic2V0dGluZ3MiOnsicG9zdF9pZCI6IjgxNjIifX0=@&#8220; button_text=&#8220;BUCHEN&#8220; button_alignment=&#8220;center&#8220; button_alignment_tablet=&#8220;&#8220; button_alignment_phone=&#8220;&#8220; button_alignment_last_edited=&#8220;on|phone&#8220; _builder_version=&#8220;4.16&#8243; _dynamic_attributes=&#8220;button_url&#8220; custom_button=&#8220;on&#8220; button_text_size=&#8220;14px&#8220; button_text_color=&#8220;#ffffff&#8220; button_bg_color=&#8220;#c7be93&#8243; button_border_width=&#8220;4px&#8220; button_border_color=&#8220;#C7BE93&#8243; button_border_radius=&#8220;100px&#8220; button_letter_spacing=&#8220;2px&#8220; button_font=&#8220;Raleway|700||on|||||&#8220; button_use_icon=&#8220;off&#8220; background_layout=&#8220;dark&#8220; custom_margin=&#8220;||||false|false&#8220; custom_margin_tablet=&#8220;||||false|false&#8220; custom_margin_phone=&#8220;|||0%|false|false&#8220; custom_margin_last_edited=&#8220;on|tablet&#8220; custom_padding=&#8220;12px|25px|12px|25px|true|true&#8220; locked=&#8220;off&#8220; global_colors_info=&#8220;{}&#8220; button_bg_color__hover_enabled=&#8220;on|hover&#8220; button_bg_color__hover=&#8220;#111111&#8243; button_text_size__hover_enabled=&#8220;on|hover&#8220; button_text_size__hover=&#8220;14px&#8220; button_text_color__hover_enabled=&#8220;on&#8220; button_text_color__hover=&#8220;#ffffff&#8220; button_border_width__hover_enabled=&#8220;on|hover&#8220; button_border_radius__hover_enabled=&#8220;on|hover&#8220; button_bg_enable_color__hover=&#8220;on&#8220; button_border_width__hover=&#8220;4px&#8220; button_border_radius__hover=&#8220;100px&#8220;][\/et_pb_button][\/et_pb_column][\/et_pb_row][et_pb_row column_structure=&#8220;1_2,1_2&#8243; use_custom_gutter=&#8220;on&#8220; gutter_width=&#8220;0&#8243; make_equal=&#8220;on&#8220; admin_label=&#8220;About Area&#8220; _builder_version=&#8220;4.24.2&#8243; width=&#8220;100%&#8220; max_width=&#8220;100%&#8220; custom_padding=&#8220;0px||0px|&#8220; hover_enabled=&#8220;0&#8243; use_custom_width=&#8220;on&#8220; width_unit=&#8220;off&#8220; custom_width_percent=&#8220;100%&#8220; global_colors_info=&#8220;{}&#8220; sticky_enabled=&#8220;0&#8243;][et_pb_column type=&#8220;1_2&#8243; _builder_version=&#8220;4.16&#8243; background_color=&#8220;#FFFFFF&#8220; custom_padding=&#8220;10%|5%|10%|5%&#8220; global_colors_info=&#8220;{}&#8220; custom_padding__hover=&#8220;|||&#8220;][et_pb_text admin_label=&#8220;Title&#8220; _builder_version=&#8220;4.16&#8243; text_font=&#8220;||||||||&#8220; header_font=&#8220;||||||||&#8220; header_2_font=&#8220;|600|||||||&#8220; header_2_text_align=&#8220;center&#8220; header_2_text_color=&#8220;#000000&#8243; header_2_font_size=&#8220;40px&#8220; header_2_line_height=&#8220;1.2em&#8220; text_orientation=&#8220;center&#8220; background_layout=&#8220;dark&#8220; max_width=&#8220;550px&#8220; module_alignment=&#8220;center&#8220; custom_margin=&#8220;||0px|&#8220; custom_padding=&#8220;|||&#8220; animation_direction=&#8220;top&#8220; header_2_font_size_tablet=&#8220;40px&#8220; header_2_font_size_phone=&#8220;30px&#8220; header_2_font_size_last_edited=&#8220;on|phone&#8220; global_colors_info=&#8220;{}&#8220;]<\/p>\n<h2>Verschenke ein Erlebnis<\/h2>\n<p>[\/et_pb_text][et_pb_divider color=&#8220;#FDB467&#8243; divider_position=&#8220;center&#8220; divider_weight=&#8220;3px&#8220; _builder_version=&#8220;4.16&#8243; max_width=&#8220;50px&#8220; module_alignment=&#8220;center&#8220; animation_direction=&#8220;top&#8220; global_colors_info=&#8220;{}&#8220;][\/et_pb_divider][et_pb_text _builder_version=&#8220;4.16&#8243; text_font=&#8220;Poppins||||||||&#8220; text_text_color=&#8220;rgba(255,255,255,0.7)&#8220; text_font_size=&#8220;18px&#8220; text_line_height=&#8220;1.8em&#8220; text_orientation=&#8220;center&#8220; max_width=&#8220;570px&#8220; max_width_tablet=&#8220;570px&#8220; max_width_phone=&#8220;570px&#8220; max_width_last_edited=&#8220;on|desktop&#8220; module_alignment=&#8220;center&#8220; custom_margin=&#8220;25px||40px||false|false&#8220; global_colors_info=&#8220;{}&#8220;]<\/p>\n<p>Begeistern Sie Ihre Freunde oder Familie mit einem \u00fcberraschenden Geschenk. Verschenke ein einzigartiges, besonderes Erlebnis. Besondere Erlebnisse, die zu einer unvergesslichen Erinnerung werden.<\/p>\n<p>[\/et_pb_text][et_pb_button button_url=&#8220;@ET-DC@eyJkeW5hbWljIjp0cnVlLCJjb250ZW50IjoicG9zdF9saW5rX3VybF9wYWdlIiwic2V0dGluZ3MiOnsicG9zdF9pZCI6IjgwMzIifX0=@&#8220; button_text=&#8220;BUCHEN&#8220; button_alignment=&#8220;center&#8220; button_alignment_tablet=&#8220;&#8220; button_alignment_phone=&#8220;&#8220; button_alignment_last_edited=&#8220;on|phone&#8220; _builder_version=&#8220;4.16&#8243; _dynamic_attributes=&#8220;button_url&#8220; custom_button=&#8220;on&#8220; button_text_size=&#8220;14px&#8220; button_text_color=&#8220;#ffffff&#8220; button_bg_color=&#8220;#c7be93&#8243; button_border_width=&#8220;4px&#8220; button_border_color=&#8220;#C7BE93&#8243; button_border_radius=&#8220;100px&#8220; button_letter_spacing=&#8220;2px&#8220; button_font=&#8220;Raleway|700||on|||||&#8220; button_use_icon=&#8220;off&#8220; background_layout=&#8220;dark&#8220; custom_margin=&#8220;||||false|false&#8220; custom_margin_tablet=&#8220;||||false|false&#8220; custom_margin_phone=&#8220;|||0%|false|false&#8220; custom_margin_last_edited=&#8220;on|tablet&#8220; custom_padding=&#8220;12px|25px|12px|25px|true|true&#8220; locked=&#8220;off&#8220; global_colors_info=&#8220;{}&#8220; button_bg_color__hover_enabled=&#8220;on|hover&#8220; button_bg_color__hover=&#8220;#111111&#8243; button_text_size__hover_enabled=&#8220;on|hover&#8220; button_text_size__hover=&#8220;14px&#8220; button_text_color__hover_enabled=&#8220;on&#8220; button_text_color__hover=&#8220;#ffffff&#8220; button_border_width__hover_enabled=&#8220;on|hover&#8220; button_border_radius__hover_enabled=&#8220;on|hover&#8220; button_bg_enable_color__hover=&#8220;on&#8220; button_border_width__hover=&#8220;4px&#8220; button_border_radius__hover=&#8220;100px&#8220;][\/et_pb_button][\/et_pb_column][et_pb_column type=&#8220;1_2&#8243; _builder_version=&#8220;4.24.2&#8243; background_enable_color=&#8220;off&#8220; background_image=&#8220;https:\/\/www.bodegasantacatarina.com\/wp-content\/uploads\/2024\/02\/Foto-Regala-una-experiencia.jpg&#8220; custom_padding=&#8220;10%|5%|10%|5%&#8220; hover_enabled=&#8220;0&#8243; global_colors_info=&#8220;{}&#8220; custom_padding__hover=&#8220;|||&#8220; title_text=&#8220;Foto Regala una experiencia&#8220; sticky_enabled=&#8220;0&#8243;][\/et_pb_column][\/et_pb_row][\/et_pb_section]<\/p>\n","protected":false},"excerpt":{"rendered":"<p>Wenn dir das Leben entgleitet, kehr zu ihm zur\u00fcckEin harmonisches Duo: Wein und Oliven\u00f6lWir bieten dir ein einzigartiges Erlebnis, bei dem du zwei typische Produkte der mallorquinischen K\u00fcche kennenlernst: Wein und \u00d6l.\u00a0Personalisiertes FassWir laden dich ein, ein franz\u00f6sisches Eichenfass mit einem Fassungsverm\u00f6gen von 225 Litern zu \u201eadoptieren\u201c, in dem wir deinen Wein ausbauen und \u201ereifen\u201c [&hellip;]<\/p>\n","protected":false},"author":1,"featured_media":0,"parent":0,"menu_order":0,"comment_status":"closed","ping_status":"closed","template":"","meta":{"_et_pb_use_builder":"on","_et_pb_old_content":"","_et_gb_content_width":"","inline_featured_image":false,"footnotes":""},"class_list":["post-8923","page","type-page","status-publish","hentry"],"yoast_head":"<!-- This site is optimized with the Yoast SEO plugin v25.6 - https:\/\/yoast.com\/wordpress\/plugins\/seo\/ -->\n<title>Besondere Erlebnisse - Bodega Santa Catarina<\/title>\n<meta name=\"robots\" content=\"index, follow, max-snippet:-1, max-image-preview:large, max-video-preview:-1\" \/>\n<link rel=\"canonical\" href=\"https:\/\/www.bodegasantacatarina.com\/experiencias-especiales\/\" \/>\n<meta property=\"og:locale\" content=\"de_DE\" \/>\n<meta property=\"og:type\" content=\"article\" \/>\n<meta property=\"og:title\" content=\"Besondere Erlebnisse - Bodega Santa Catarina\" \/>\n<meta property=\"og:description\" content=\"Wenn dir das Leben entgleitet, kehr zu ihm zur\u00fcckEin harmonisches Duo: Wein und Oliven\u00f6lWir bieten dir ein einzigartiges Erlebnis, bei dem du zwei typische Produkte der mallorquinischen K\u00fcche kennenlernst: Wein und \u00d6l.\u00a0Personalisiertes FassWir laden dich ein, ein franz\u00f6sisches Eichenfass mit einem Fassungsverm\u00f6gen von 225 Litern zu \u201eadoptieren\u201c, in dem wir deinen Wein ausbauen und \u201ereifen\u201c [&hellip;]\" \/>\n<meta property=\"og:url\" content=\"https:\/\/www.bodegasantacatarina.com\/experiencias-especiales\/\" \/>\n<meta property=\"og:site_name\" content=\"Bodega Santa Catarina\" \/>\n<meta property=\"article:modified_time\" content=\"2024-02-21T11:34:57+00:00\" \/>\n<meta name=\"twitter:card\" content=\"summary_large_image\" \/>\n<meta name=\"twitter:label1\" content=\"Gesch\u00e4tzte Lesezeit\" \/>\n\t<meta name=\"twitter:data1\" content=\"9\u00a0Minuten\" \/>\n<script type=\"application\/ld+json\" class=\"yoast-schema-graph\">{\"@context\":\"https:\/\/schema.org\",\"@graph\":[{\"@type\":\"WebPage\",\"@id\":\"https:\/\/www.bodegasantacatarina.com\/experiencias-especiales\/\",\"url\":\"https:\/\/www.bodegasantacatarina.com\/experiencias-especiales\/\",\"name\":\"Besondere Erlebnisse - Bodega Santa Catarina\",\"isPartOf\":{\"@id\":\"https:\/\/www.bodegasantacatarina.com\/#website\"},\"datePublished\":\"2022-03-02T12:58:12+00:00\",\"dateModified\":\"2024-02-21T11:34:57+00:00\",\"breadcrumb\":{\"@id\":\"https:\/\/www.bodegasantacatarina.com\/experiencias-especiales\/#breadcrumb\"},\"inLanguage\":\"de\",\"potentialAction\":[{\"@type\":\"ReadAction\",\"target\":[\"https:\/\/www.bodegasantacatarina.com\/experiencias-especiales\/\"]}]},{\"@type\":\"BreadcrumbList\",\"@id\":\"https:\/\/www.bodegasantacatarina.com\/experiencias-especiales\/#breadcrumb\",\"itemListElement\":[{\"@type\":\"ListItem\",\"position\":1,\"name\":\"Portada\",\"item\":\"https:\/\/www.bodegasantacatarina.com\/\"},{\"@type\":\"ListItem\",\"position\":2,\"name\":\"Besondere Erlebnisse\"}]},{\"@type\":\"WebSite\",\"@id\":\"https:\/\/www.bodegasantacatarina.com\/#website\",\"url\":\"https:\/\/www.bodegasantacatarina.com\/\",\"name\":\"Bodega Santa Catarina\",\"description\":\"\",\"potentialAction\":[{\"@type\":\"SearchAction\",\"target\":{\"@type\":\"EntryPoint\",\"urlTemplate\":\"https:\/\/www.bodegasantacatarina.com\/?s={search_term_string}\"},\"query-input\":{\"@type\":\"PropertyValueSpecification\",\"valueRequired\":true,\"valueName\":\"search_term_string\"}}],\"inLanguage\":\"de\"}]}<\/script>\n<!-- \/ Yoast SEO plugin. -->","yoast_head_json":{"title":"Besondere Erlebnisse - Bodega Santa Catarina","robots":{"index":"index","follow":"follow","max-snippet":"max-snippet:-1","max-image-preview":"max-image-preview:large","max-video-preview":"max-video-preview:-1"},"canonical":"https:\/\/www.bodegasantacatarina.com\/experiencias-especiales\/","og_locale":"de_DE","og_type":"article","og_title":"Besondere Erlebnisse - Bodega Santa Catarina","og_description":"Wenn dir das Leben entgleitet, kehr zu ihm zur\u00fcckEin harmonisches Duo: Wein und Oliven\u00f6lWir bieten dir ein einzigartiges Erlebnis, bei dem du zwei typische Produkte der mallorquinischen K\u00fcche kennenlernst: Wein und \u00d6l.\u00a0Personalisiertes FassWir laden dich ein, ein franz\u00f6sisches Eichenfass mit einem Fassungsverm\u00f6gen von 225 Litern zu \u201eadoptieren\u201c, in dem wir deinen Wein ausbauen und \u201ereifen\u201c [&hellip;]","og_url":"https:\/\/www.bodegasantacatarina.com\/experiencias-especiales\/","og_site_name":"Bodega Santa Catarina","article_modified_time":"2024-02-21T11:34:57+00:00","twitter_card":"summary_large_image","twitter_misc":{"Gesch\u00e4tzte Lesezeit":"9\u00a0Minuten"},"schema":{"@context":"https:\/\/schema.org","@graph":[{"@type":"WebPage","@id":"https:\/\/www.bodegasantacatarina.com\/experiencias-especiales\/","url":"https:\/\/www.bodegasantacatarina.com\/experiencias-especiales\/","name":"Besondere Erlebnisse - Bodega Santa Catarina","isPartOf":{"@id":"https:\/\/www.bodegasantacatarina.com\/#website"},"datePublished":"2022-03-02T12:58:12+00:00","dateModified":"2024-02-21T11:34:57+00:00","breadcrumb":{"@id":"https:\/\/www.bodegasantacatarina.com\/experiencias-especiales\/#breadcrumb"},"inLanguage":"de","potentialAction":[{"@type":"ReadAction","target":["https:\/\/www.bodegasantacatarina.com\/experiencias-especiales\/"]}]},{"@type":"BreadcrumbList","@id":"https:\/\/www.bodegasantacatarina.com\/experiencias-especiales\/#breadcrumb","itemListElement":[{"@type":"ListItem","position":1,"name":"Portada","item":"https:\/\/www.bodegasantacatarina.com\/"},{"@type":"ListItem","position":2,"name":"Besondere Erlebnisse"}]},{"@type":"WebSite","@id":"https:\/\/www.bodegasantacatarina.com\/#website","url":"https:\/\/www.bodegasantacatarina.com\/","name":"Bodega Santa Catarina","description":"","potentialAction":[{"@type":"SearchAction","target":{"@type":"EntryPoint","urlTemplate":"https:\/\/www.bodegasantacatarina.com\/?s={search_term_string}"},"query-input":{"@type":"PropertyValueSpecification","valueRequired":true,"valueName":"search_term_string"}}],"inLanguage":"de"}]}},"_links":{"self":[{"href":"https:\/\/www.bodegasantacatarina.com\/de\/wp-json\/wp\/v2\/pages\/8923"}],"collection":[{"href":"https:\/\/www.bodegasantacatarina.com\/de\/wp-json\/wp\/v2\/pages"}],"about":[{"href":"https:\/\/www.bodegasantacatarina.com\/de\/wp-json\/wp\/v2\/types\/page"}],"author":[{"embeddable":true,"href":"https:\/\/www.bodegasantacatarina.com\/de\/wp-json\/wp\/v2\/users\/1"}],"replies":[{"embeddable":true,"href":"https:\/\/www.bodegasantacatarina.com\/de\/wp-json\/wp\/v2\/comments?post=8923"}],"version-history":[{"count":5,"href":"https:\/\/www.bodegasantacatarina.com\/de\/wp-json\/wp\/v2\/pages\/8923\/revisions"}],"predecessor-version":[{"id":10110,"href":"https:\/\/www.bodegasantacatarina.com\/de\/wp-json\/wp\/v2\/pages\/8923\/revisions\/10110"}],"wp:attachment":[{"href":"https:\/\/www.bodegasantacatarina.com\/de\/wp-json\/wp\/v2\/media?parent=8923"}],"curies":[{"name":"wp","href":"https:\/\/api.w.org\/{rel}","templated":true}]}}